{"id":1753,"date":"2021-11-03T14:34:18","date_gmt":"2021-11-03T13:34:18","guid":{"rendered":"https:\/\/navercollection.dk\/?post_type=product&#038;p=1753"},"modified":"2022-02-02T10:26:09","modified_gmt":"2022-02-02T09:26:09","slug":"leopard-barstol-gm-4167","status":"publish","type":"product","link":"https:\/\/navercollection.dk\/en\/product\/leopard-barstol-gm-4167\/","title":{"rendered":"Leopard barstol GM 4167"},"content":{"rendered":"<div class=\"wpb-content-wrapper\"><p>[vc_row unlock_row_content=&#8221;yes&#8221; row_height_percent=&#8221;0&#8243; override_padding=&#8221;yes&#8221; h_padding=&#8221;2&#8243; top_padding=&#8221;3&#8243; bottom_padding=&#8221;3&#8243; overlay_alpha=&#8221;50&#8243; gutter_size=&#8221;4&#8243; column_width_use_pixel=&#8221;yes&#8221; shift_y=&#8221;0&#8243; z_index=&#8221;0&#8243; column_width_pixel=&#8221;1600&#8243; uncode_shortcode_id=&#8221;135039&#8243;][vc_column column_width_percent=&#8221;100&#8243; gutter_size=&#8221;3&#8243; overlay_alpha=&#8221;50&#8243; shift_x=&#8221;2&#8243; shift_y=&#8221;0&#8243; shift_y_down=&#8221;0&#8243; z_index=&#8221;2&#8243; medium_width=&#8221;0&#8243; mobile_width=&#8221;0&#8243; css_animation=&#8221;bottom-t-top&#8221; width=&#8221;1\/2&#8243; uncode_shortcode_id=&#8221;148815&#8243;][vc_single_image media=&#8221;962&#8243; media_width_percent=&#8221;100&#8243; uncode_shortcode_id=&#8221;184283&#8243;][\/vc_column][vc_column column_width_percent=&#8221;100&#8243; position_vertical=&#8221;middle&#8221; gutter_size=&#8221;3&#8243; overlay_alpha=&#8221;50&#8243; shift_x=&#8221;-5&#8243; shift_y=&#8221;0&#8243; shift_y_down=&#8221;0&#8243; z_index=&#8221;5&#8243; medium_width=&#8221;0&#8243; mobile_width=&#8221;0&#8243; css_animation=&#8221;bottom-t-top&#8221; animation_delay=&#8221;100&#8243; width=&#8221;1\/2&#8243; uncode_shortcode_id=&#8221;130635&#8243;][vc_custom_heading text_color=&#8221;accent&#8221; heading_semantic=&#8221;h3&#8243; text_font=&#8221;font-175798&#8243; text_size=&#8221;h4&#8243; text_height=&#8221;fontheight-165934&#8243; uncode_shortcode_id=&#8221;211135&#8243; text_color_type=&#8221;uncode-palette&#8221;]&#8221;For mig handler det om at skabe et fuldendt m\u00f8bel. Materialerne er n\u00f8je forenet, s\u00e5 brugeren ikke kan se, hvordan m\u00f8blerne er samlet. Det elegante samspil mellem det rustfri st\u00e5l og det massive tr\u00e6 opleves som en naturlig helhed.&#8221;[\/vc_custom_heading][vc_row_inner][vc_column_inner width=&#8221;2\/3&#8243;][vc_column_text uncode_shortcode_id=&#8221;874899&#8243;]Designeren bag Tiger stolen, Henrik Lehm, om sin designproces og filosofi.[\/vc_column_text][\/vc_column_inner][vc_column_inner column_width_percent=&#8221;100&#8243; gutter_size=&#8221;3&#8243; overlay_alpha=&#8221;50&#8243; shift_x=&#8221;0&#8243; shift_y=&#8221;0&#8243; shift_y_down=&#8221;0&#8243; z_index=&#8221;0&#8243; medium_width=&#8221;0&#8243; mobile_width=&#8221;0&#8243; width=&#8221;1\/3&#8243; uncode_shortcode_id=&#8221;244723&#8243;][\/vc_column_inner][\/vc_row_inner][\/vc_column][\/vc_row][vc_row][vc_column width=&#8221;1\/1&#8243;][vc_custom_heading text_size=&#8221;h3&#8243; uncode_shortcode_id=&#8221;126939&#8243;]I samme serie[\/vc_custom_heading][uncode_index el_id=&#8221;index-125478&#8243; index_type=&#8221;carousel&#8221; loop=&#8221;size:10|order_by:date|post_type:product|tax_query:92|taxonomy_count:10&#8243; carousel_lg=&#8221;3&#8243; carousel_md=&#8221;3&#8243; carousel_sm=&#8221;1&#8243; gutter_size=&#8221;3&#8243; product_items=&#8221;media|featured|onpost|original|hide-sale|inherit-atc|inherit-w-atc|atc-typo-default|show-atc,title&#8221; carousel_interval=&#8221;3000&#8243; carousel_navspeed=&#8221;400&#8243; stage_padding=&#8221;0&#8243; single_overlay_opacity=&#8221;50&#8243; single_padding=&#8221;1&#8243; uncode_shortcode_id=&#8221;197649&#8243;][\/vc_column][\/vc_row][vc_row unlock_row_content=&#8221;yes&#8221; row_height_percent=&#8221;0&#8243; override_padding=&#8221;yes&#8221; h_padding=&#8221;2&#8243; top_padding=&#8221;3&#8243; bottom_padding=&#8221;3&#8243; overlay_alpha=&#8221;0&#8243; gutter_size=&#8221;4&#8243; column_width_percent=&#8221;100&#8243; shift_y=&#8221;0&#8243; z_index=&#8221;0&#8243; style=&#8221;inherited&#8221; uncode_shortcode_id=&#8221;481939&#8243;][vc_column column_width_percent=&#8221;100&#8243; gutter_size=&#8221;3&#8243; overlay_alpha=&#8221;50&#8243; shift_x=&#8221;0&#8243; shift_y=&#8221;0&#8243; medium_width=&#8221;0&#8243; zoom_width=&#8221;0&#8243; zoom_height=&#8221;0&#8243; width=&#8221;1\/1&#8243;][vc_gallery el_id=&#8221;gallery-43823&#8243; medias=&#8221;1377,1369,1375,1365,1371&#8243; gutter_size=&#8221;3&#8243; media_items=&#8221;media,icon&#8221; screen_lg=&#8221;1400&#8243; screen_md=&#8221;960&#8243; screen_sm=&#8221;480&#8243; single_overlay_color=&#8221;color-prif&#8221; single_overlay_opacity=&#8221;20&#8243; single_h_align=&#8221;center&#8221; single_padding=&#8221;2&#8243; single_icon=&#8221;fa fa-search-plus&#8221; single_border=&#8221;yes&#8221; single_css_animation=&#8221;bottom-t-top&#8221; single_animation_delay=&#8221;100&#8243; lbox_deep=&#8221;yes&#8221; lbox_no_tmb=&#8221;yes&#8221; no_double_tap=&#8221;yes&#8221; carousel_rtl=&#8221;&#8221; single_title_uppercase=&#8221;&#8221; single_title_serif=&#8221;&#8221; single_no_background=&#8221;&#8221; items=&#8221;e30=&#8221; uncode_shortcode_id=&#8221;213748&#8243;][\/vc_column][\/vc_row]<\/p>\n<\/div>","protected":false},"excerpt":{"rendered":"<p>[vc_row unlock_row_content=&#8221;yes&#8221; row_height_percent=&#8221;0&#8243; override_padding=&#8221;yes&#8221; h_padding=&#8221;2&#8243; top_padding=&#8221;3&#8243; bottom_padding=&#8221;3&#8243; overlay_alpha=&#8221;50&#8243; gutter_size=&#8221;4&#8243; column_width_use_pixel=&#8221;yes&#8221; shift_y=&#8221;0&#8243; z_index=&#8221;0&#8243; column_width_pixel=&#8221;1600&#8243; uncode_shortcode_id=&#8221;135039&#8243;][vc_column column_width_percent=&#8221;100&#8243; gutter_size=&#8221;3&#8243; overlay_alpha=&#8221;50&#8243; shift_x=&#8221;2&#8243; shift_y=&#8221;0&#8243; shift_y_down=&#8221;0&#8243; [&hellip;]<\/p>\n","protected":false},"featured_media":1757,"comment_status":"closed","ping_status":"closed","template":"","meta":{"_acf_changed":false},"product_brand":[],"product_cat":[],"product_tag":[],"class_list":{"0":"post-1753","1":"product","2":"type-product","3":"status-publish","4":"has-post-thumbnail","7":"first","8":"instock","9":"shipping-taxable","10":"purchasable","11":"product-type-variable"},"acf":[],"yoast_head":"<!-- This site is optimized with the Yoast SEO plugin v26.9 - https:\/\/yoast.com\/product\/yoast-seo-wordpress\/ -->\n<title>Leopard barstol GM 4167 - Naver Collection<\/title>\n<meta name=\"robots\" content=\"index, follow, max-snippet:-1, max-image-preview:large, max-video-preview:-1\" \/>\n<link rel=\"canonical\" href=\"https:\/\/navercollection.dk\/en\/product\/leopard-barstol-gm-4167\/\" \/>\n<meta property=\"og:locale\" content=\"en_US\" \/>\n<meta property=\"og:type\" content=\"article\" \/>\n<meta property=\"og:title\" content=\"Leopard barstol GM 4167 - Naver Collection\" \/>\n<meta property=\"og:description\" content=\"[vc_row unlock_row_content=&#8221;yes&#8221; row_height_percent=&#8221;0&#8243; override_padding=&#8221;yes&#8221; h_padding=&#8221;2&#8243; top_padding=&#8221;3&#8243; bottom_padding=&#8221;3&#8243; overlay_alpha=&#8221;50&#8243; gutter_size=&#8221;4&#8243; column_width_use_pixel=&#8221;yes&#8221; shift_y=&#8221;0&#8243; z_index=&#8221;0&#8243; column_width_pixel=&#8221;1600&#8243; uncode_shortcode_id=&#8221;135039&#8243;][vc_column column_width_percent=&#8221;100&#8243; gutter_size=&#8221;3&#8243; overlay_alpha=&#8221;50&#8243; shift_x=&#8221;2&#8243; shift_y=&#8221;0&#8243; shift_y_down=&#8221;0&#8243; [&hellip;]\" \/>\n<meta property=\"og:url\" content=\"https:\/\/navercollection.dk\/en\/product\/leopard-barstol-gm-4167\/\" \/>\n<meta property=\"og:site_name\" content=\"Naver Collection\" \/>\n<meta property=\"article:modified_time\" content=\"2022-02-02T09:26:09+00:00\" \/>\n<meta property=\"og:image\" content=\"https:\/\/navercollection.dk\/wp-content\/uploads\/2021\/11\/GM4167X2_back-scaled-e1635947595754.jpeg\" \/>\n\t<meta property=\"og:image:width\" content=\"2560\" \/>\n\t<meta property=\"og:image:height\" content=\"1920\" \/>\n\t<meta property=\"og:image:type\" content=\"image\/jpeg\" \/>\n<meta name=\"twitter:card\" content=\"summary_large_image\" \/>\n<meta name=\"twitter:label1\" content=\"Est. reading time\" \/>\n\t<meta name=\"twitter:data1\" content=\"2 minutes\" \/>\n<script type=\"application\/ld+json\" class=\"yoast-schema-graph\">{\"@context\":\"https:\/\/schema.org\",\"@graph\":[{\"@type\":\"WebPage\",\"@id\":\"https:\/\/navercollection.dk\/en\/product\/leopard-barstol-gm-4167\/\",\"url\":\"https:\/\/navercollection.dk\/en\/product\/leopard-barstol-gm-4167\/\",\"name\":\"Leopard barstol GM 4167 - Naver Collection\",\"isPartOf\":{\"@id\":\"https:\/\/navercollection.dk\/en\/#website\"},\"primaryImageOfPage\":{\"@id\":\"https:\/\/navercollection.dk\/en\/product\/leopard-barstol-gm-4167\/#primaryimage\"},\"image\":{\"@id\":\"https:\/\/navercollection.dk\/en\/product\/leopard-barstol-gm-4167\/#primaryimage\"},\"thumbnailUrl\":\"https:\/\/navercollection.dk\/wp-content\/uploads\/2021\/11\/GM4167X2_back-scaled-e1635947595754.jpeg\",\"datePublished\":\"2021-11-03T13:34:18+00:00\",\"dateModified\":\"2022-02-02T09:26:09+00:00\",\"breadcrumb\":{\"@id\":\"https:\/\/navercollection.dk\/en\/product\/leopard-barstol-gm-4167\/#breadcrumb\"},\"inLanguage\":\"en-US\",\"potentialAction\":[{\"@type\":\"ReadAction\",\"target\":[\"https:\/\/navercollection.dk\/en\/product\/leopard-barstol-gm-4167\/\"]}]},{\"@type\":\"ImageObject\",\"inLanguage\":\"en-US\",\"@id\":\"https:\/\/navercollection.dk\/en\/product\/leopard-barstol-gm-4167\/#primaryimage\",\"url\":\"https:\/\/navercollection.dk\/wp-content\/uploads\/2021\/11\/GM4167X2_back-scaled-e1635947595754.jpeg\",\"contentUrl\":\"https:\/\/navercollection.dk\/wp-content\/uploads\/2021\/11\/GM4167X2_back-scaled-e1635947595754.jpeg\",\"width\":2560,\"height\":1920},{\"@type\":\"BreadcrumbList\",\"@id\":\"https:\/\/navercollection.dk\/en\/product\/leopard-barstol-gm-4167\/#breadcrumb\",\"itemListElement\":[{\"@type\":\"ListItem\",\"position\":1,\"name\":\"Hjem\",\"item\":\"https:\/\/navercollection.dk\/en\/\"},{\"@type\":\"ListItem\",\"position\":2,\"name\":\"Shop\",\"item\":\"https:\/\/navercollection.dk\/shop\/\"},{\"@type\":\"ListItem\",\"position\":3,\"name\":\"Leopard barstol GM 4167\"}]},{\"@type\":\"WebSite\",\"@id\":\"https:\/\/navercollection.dk\/en\/#website\",\"url\":\"https:\/\/navercollection.dk\/en\/\",\"name\":\"Naver Collection\",\"description\":\"We take pride in every detail\",\"potentialAction\":[{\"@type\":\"SearchAction\",\"target\":{\"@type\":\"EntryPoint\",\"urlTemplate\":\"https:\/\/navercollection.dk\/en\/?s={search_term_string}\"},\"query-input\":{\"@type\":\"PropertyValueSpecification\",\"valueRequired\":true,\"valueName\":\"search_term_string\"}}],\"inLanguage\":\"en-US\"}]}<\/script>\n<!-- \/ Yoast SEO plugin. -->","yoast_head_json":{"title":"Leopard barstol GM 4167 - Naver Collection","robots":{"index":"index","follow":"follow","max-snippet":"max-snippet:-1","max-image-preview":"max-image-preview:large","max-video-preview":"max-video-preview:-1"},"canonical":"https:\/\/navercollection.dk\/en\/product\/leopard-barstol-gm-4167\/","og_locale":"en_US","og_type":"article","og_title":"Leopard barstol GM 4167 - Naver Collection","og_description":"[vc_row unlock_row_content=&#8221;yes&#8221; row_height_percent=&#8221;0&#8243; override_padding=&#8221;yes&#8221; h_padding=&#8221;2&#8243; top_padding=&#8221;3&#8243; bottom_padding=&#8221;3&#8243; overlay_alpha=&#8221;50&#8243; gutter_size=&#8221;4&#8243; column_width_use_pixel=&#8221;yes&#8221; shift_y=&#8221;0&#8243; z_index=&#8221;0&#8243; column_width_pixel=&#8221;1600&#8243; uncode_shortcode_id=&#8221;135039&#8243;][vc_column column_width_percent=&#8221;100&#8243; gutter_size=&#8221;3&#8243; overlay_alpha=&#8221;50&#8243; shift_x=&#8221;2&#8243; shift_y=&#8221;0&#8243; shift_y_down=&#8221;0&#8243; [&hellip;]","og_url":"https:\/\/navercollection.dk\/en\/product\/leopard-barstol-gm-4167\/","og_site_name":"Naver Collection","article_modified_time":"2022-02-02T09:26:09+00:00","og_image":[{"width":2560,"height":1920,"url":"https:\/\/navercollection.dk\/wp-content\/uploads\/2021\/11\/GM4167X2_back-scaled-e1635947595754.jpeg","type":"image\/jpeg"}],"twitter_card":"summary_large_image","twitter_misc":{"Est. reading time":"2 minutes"},"schema":{"@context":"https:\/\/schema.org","@graph":[{"@type":"WebPage","@id":"https:\/\/navercollection.dk\/en\/product\/leopard-barstol-gm-4167\/","url":"https:\/\/navercollection.dk\/en\/product\/leopard-barstol-gm-4167\/","name":"Leopard barstol GM 4167 - Naver Collection","isPartOf":{"@id":"https:\/\/navercollection.dk\/en\/#website"},"primaryImageOfPage":{"@id":"https:\/\/navercollection.dk\/en\/product\/leopard-barstol-gm-4167\/#primaryimage"},"image":{"@id":"https:\/\/navercollection.dk\/en\/product\/leopard-barstol-gm-4167\/#primaryimage"},"thumbnailUrl":"https:\/\/navercollection.dk\/wp-content\/uploads\/2021\/11\/GM4167X2_back-scaled-e1635947595754.jpeg","datePublished":"2021-11-03T13:34:18+00:00","dateModified":"2022-02-02T09:26:09+00:00","breadcrumb":{"@id":"https:\/\/navercollection.dk\/en\/product\/leopard-barstol-gm-4167\/#breadcrumb"},"inLanguage":"en-US","potentialAction":[{"@type":"ReadAction","target":["https:\/\/navercollection.dk\/en\/product\/leopard-barstol-gm-4167\/"]}]},{"@type":"ImageObject","inLanguage":"en-US","@id":"https:\/\/navercollection.dk\/en\/product\/leopard-barstol-gm-4167\/#primaryimage","url":"https:\/\/navercollection.dk\/wp-content\/uploads\/2021\/11\/GM4167X2_back-scaled-e1635947595754.jpeg","contentUrl":"https:\/\/navercollection.dk\/wp-content\/uploads\/2021\/11\/GM4167X2_back-scaled-e1635947595754.jpeg","width":2560,"height":1920},{"@type":"BreadcrumbList","@id":"https:\/\/navercollection.dk\/en\/product\/leopard-barstol-gm-4167\/#breadcrumb","itemListElement":[{"@type":"ListItem","position":1,"name":"Hjem","item":"https:\/\/navercollection.dk\/en\/"},{"@type":"ListItem","position":2,"name":"Shop","item":"https:\/\/navercollection.dk\/shop\/"},{"@type":"ListItem","position":3,"name":"Leopard barstol GM 4167"}]},{"@type":"WebSite","@id":"https:\/\/navercollection.dk\/en\/#website","url":"https:\/\/navercollection.dk\/en\/","name":"Naver Collection","description":"We take pride in every detail","potentialAction":[{"@type":"SearchAction","target":{"@type":"EntryPoint","urlTemplate":"https:\/\/navercollection.dk\/en\/?s={search_term_string}"},"query-input":{"@type":"PropertyValueSpecification","valueRequired":true,"valueName":"search_term_string"}}],"inLanguage":"en-US"}]}},"_links":{"self":[{"href":"https:\/\/navercollection.dk\/en\/wp-json\/wp\/v2\/product\/1753","targetHints":{"allow":["GET"]}}],"collection":[{"href":"https:\/\/navercollection.dk\/en\/wp-json\/wp\/v2\/product"}],"about":[{"href":"https:\/\/navercollection.dk\/en\/wp-json\/wp\/v2\/types\/product"}],"replies":[{"embeddable":true,"href":"https:\/\/navercollection.dk\/en\/wp-json\/wp\/v2\/comments?post=1753"}],"wp:featuredmedia":[{"embeddable":true,"href":"https:\/\/navercollection.dk\/en\/wp-json\/wp\/v2\/media\/1757"}],"wp:attachment":[{"href":"https:\/\/navercollection.dk\/en\/wp-json\/wp\/v2\/media?parent=1753"}],"wp:term":[{"taxonomy":"product_brand","embeddable":true,"href":"https:\/\/navercollection.dk\/en\/wp-json\/wp\/v2\/product_brand?post=1753"},{"taxonomy":"product_cat","embeddable":true,"href":"https:\/\/navercollection.dk\/en\/wp-json\/wp\/v2\/product_cat?post=1753"},{"taxonomy":"product_tag","embeddable":true,"href":"https:\/\/navercollection.dk\/en\/wp-json\/wp\/v2\/product_tag?post=1753"}],"curies":[{"name":"wp","href":"https:\/\/api.w.org\/{rel}","templated":true}]}}